{"id":648,"date":"2021-08-06T20:44:50","date_gmt":"2021-08-06T23:44:50","guid":{"rendered":"https:\/\/tienda.techdinecom.net\/?post_type=product&#038;p=648"},"modified":"2025-09-14T23:41:53","modified_gmt":"2025-09-15T02:41:53","slug":"servicio-soporte-asesoria-online","status":"publish","type":"product","link":"https:\/\/tienda.techdinecom.net\/?product=servicio-soporte-asesoria-online","title":{"rendered":"Servicios de Soporte T\u00e9cnico y Asesor\u00eda Inform\u00e1tica (100% ONLINE)"},"content":{"rendered":"<h5>\u00a1Potencia tu negocio con nuestros servicios de soporte t\u00e9cnico profesional!<\/h5>\n<p>&nbsp;<\/p>\n<p>En <strong>TECHDINECOM<\/strong>, ofrecemos soluciones eficientes y personalizadas para emprendedores y peque\u00f1os comerciantes. Contrat\u00e1 nuestros servicios a un costo de <em><strong>$4.000 pesos<\/strong> argentinos<\/em> (<strong>el costo es hasta 2 horas de consulta<\/strong>) y obten\u00e9 el soporte que necesit\u00e1s para mantener tus sistemas operativos y en \u00f3ptimas condiciones.<\/p>\n<p><strong>Servicios disponibles:<\/strong><\/p>\n<p>\ud83d\udd27 <strong>Diagn\u00f3stico y soluci\u00f3n de problemas de PC\/Notebooks:<\/strong> Detectamos y resolvemos cualquier inconveniente t\u00e9cnico para que tus dispositivos funcionen sin problemas.<\/p>\n<p>\ud83d\udee0 <strong>Mantenimiento y optimizaci\u00f3n de sistemas:<\/strong> Asegur\u00e1 el rendimiento y la longevidad de tus equipos con nuestro servicio de mantenimiento peri\u00f3dico y optimizaci\u00f3n.<\/p>\n<p>\ud83d\udcbe <strong>Instalaci\u00f3n y configuraci\u00f3n de software:<\/strong> Te ayudamos a instalar y configurar aplicaciones, juegos y software especializado para que puedas aprovechar al m\u00e1ximo tus herramientas.<\/p>\n<p>\ud83c\udf10 <strong>Soporte remoto y asistencia t\u00e9cnica personalizada:<\/strong> Recib\u00ed asistencia t\u00e9cnica inmediata y personalizada desde la comodidad de tu hogar u oficina a trav\u00e9s de nuestro soporte remoto.<\/p>\n<p>\ud83d\udcac <strong>Consultas Inform\u00e1ticas:<\/strong> Resolv\u00e9 todas tus dudas y obten\u00e9 asesoramiento experto en cualquier \u00e1rea de inform\u00e1tica.<\/p>\n<p>\u00a1No esperes m\u00e1s! Cont\u00e1ctanos hoy mismo y asegur\u00e1 el correcto funcionamiento de tus sistemas con la ayuda de nuestros profesionales. En TECHDINECOM, estamos comprometidos con tu \u00e9xito.<\/p>\n<p>Nuestro personal t\u00e9cnico revisa a detalle el equipo de <strong>manera remota y diagnostica la falla<\/strong>. El diagn\u00f3stico y las posibles soluciones se notificar\u00e1n al usuario por escrito. El t\u00e9cnico proporcionar\u00e1 un informe detallado con el diagn\u00f3stico; si el cliente desea proceder, en el mismo formulario se acordar\u00e1 la fecha para una reuni\u00f3n virtual de seguimiento o se proceder\u00e1 a realizar la correcci\u00f3n en l\u00ednea, seg\u00fan sea el caso. Tambien puede darse el caso de requerir una visita en Sitio (<strong>todo estar\u00e1 detallado en el informe<\/strong>)<\/p>\n<p>Los servicios se pueden abonar en cuotas sin inter\u00e9s (<strong><span style=\"color: #ff0000;\">excepto en la compra de materiales o repuestos<\/span><\/strong>). Aceptamos pagos mediante punto de venta virtual, transferencias bancarias, pagos en efectivo a trav\u00e9s de <strong>Pago F\u00e1cil, Rapipago o directamente al t\u00e9cnico asignado<\/strong>.<\/p>\n<p>&nbsp;<\/p>\n<p class=\"whitespace-normal break-words\">Todos nuestros productos y servicios tienen precios establecidos en <strong>d\u00f3lares estadounidenses (USD)<\/strong> y se encuentran siempre actualizados en nuestra tienda virtual.<\/p>\n<p class=\"whitespace-normal break-words\"><strong>MODALIDADES DE PAGO<\/strong>: Dependiendo del producto o servicio seleccionado, podr\u00e1s elegir entre pago \u00fanico o pagos fraccionados seg\u00fan las opciones disponibles. En caso de servicios con pagos mensuales, se comienza a abonar al mes siguiente de la confirmaci\u00f3n del pedido.<\/p>\n<p class=\"whitespace-normal break-words\"><strong>FORMAS DE PAGO:<\/strong><\/p>\n<ul class=\"[&amp;:not(:last-child)_ul]:pb-1 [&amp;:not(:last-child)_ol]:pb-1 list-disc space-y-1.5 pl-7\">\n<li class=\"whitespace-normal break-words\"><strong>Para Argentina<\/strong>: Puedes realizar tu compra directamente en nuestra tienda virtual. Si abonas en <strong>pesos argentinos<\/strong>, nuestra plataforma convertir\u00e1 autom\u00e1ticamente el monto a la tasa del d\u00eda a trav\u00e9s de la <strong>pasarela de pagos Mercado Pago<\/strong>. Aceptamos tarjetas de cr\u00e9dito, d\u00e9bito y transferencia bancaria.<\/li>\n<li class=\"whitespace-normal break-words\"><strong>Para el extranjero<\/strong>: Los pagos se realizar\u00e1n a trav\u00e9s de <strong>PayPal<\/strong> o <strong>Transferencia Bancaria<\/strong>.<\/li>\n<\/ul>\n<p class=\"whitespace-normal break-words\"><strong>Para servicios con pagos recurrentes, recibir\u00e1s recordatorios con los datos necesarios para efectivizar cada pago<\/strong>. Los pagos por productos digitales son independientes de cualquier costo adicional por servicios de hosting y dominio que puedas requerir.<\/p>\n","protected":false},"excerpt":{"rendered":"<p>Nuestro personal t\u00e9cnico revisa a detalle el equipo de <strong>manera remota y diagnostica la falla<\/strong>. El diagn\u00f3stico y las posibles soluciones se notificar\u00e1n al usuario por escrito. El t\u00e9cnico proporcionar\u00e1 un informe detallado con el diagn\u00f3stico; si el cliente desea proceder, en el mismo formulario se acordar\u00e1 la fecha para una reuni\u00f3n virtual de seguimiento o se proceder\u00e1 a realizar la correcci\u00f3n en l\u00ednea, seg\u00fan sea el caso. Tambien puede darse el caso de requerir una visita en Sitio (<strong>todo estar\u00e1 detallado en el informe<\/strong>)<\/p>\n<p>Los servicios se pueden abonar en cuotas sin inter\u00e9s (<strong><span style=\"color: #ff0000;\">excepto en la compra de materiales o repuestos<\/span><\/strong>). Aceptamos pagos mediante punto de venta virtual, transferencias bancarias, pagos en efectivo a trav\u00e9s de <strong>Pago F\u00e1cil, Rapipago o directamente al t\u00e9cnico asignado<\/strong>.<\/p>\n<p>&nbsp;<\/p>\n<p class=\"whitespace-normal break-words\">Todos nuestros productos y servicios tienen precios establecidos en <strong>d\u00f3lares estadounidenses (USD)<\/strong> y se encuentran siempre actualizados en nuestra tienda virtual.<\/p>\n<p class=\"whitespace-normal break-words\"><strong>MODALIDADES DE PAGO<\/strong>: Dependiendo del producto o servicio seleccionado, podr\u00e1s elegir entre pago \u00fanico o pagos fraccionados seg\u00fan las opciones disponibles. En caso de servicios con pagos mensuales, se comienza a abonar al mes siguiente de la confirmaci\u00f3n del pedido.<\/p>\n<p class=\"whitespace-normal break-words\"><strong>FORMAS DE PAGO:<\/strong><\/p>\n<ul class=\"[&amp;:not(:last-child)_ul]:pb-1 [&amp;:not(:last-child)_ol]:pb-1 list-disc space-y-1.5 pl-7\">\n<li class=\"whitespace-normal break-words\"><strong>Para Argentina<\/strong>: Puedes realizar tu compra directamente en nuestra tienda virtual. Si abonas en <strong>pesos argentinos<\/strong>, nuestra plataforma convertir\u00e1 autom\u00e1ticamente el monto a la tasa del d\u00eda a trav\u00e9s de la <strong>pasarela de pagos Mercado Pago<\/strong>. Aceptamos tarjetas de cr\u00e9dito, d\u00e9bito y transferencia bancaria.<\/li>\n<li class=\"whitespace-normal break-words\"><strong>Para el extranjero<\/strong>: Los pagos se realizar\u00e1n a trav\u00e9s de <strong>PayPal<\/strong> o <strong>Transferencia Bancaria<\/strong>.<\/li>\n<\/ul>\n<p class=\"whitespace-normal break-words\"><strong>Para servicios con pagos recurrentes, recibir\u00e1s recordatorios con los datos necesarios para efectivizar cada pago<\/strong>. Los pagos por productos digitales son independientes de cualquier costo adicional por servicios de hosting y dominio que puedas requerir.<\/p>\n","protected":false},"featured_media":1073,"comment_status":"closed","ping_status":"closed","template":"","meta":{"site-sidebar-layout":"default","site-content-layout":"default","ast-site-content-layout":"default","site-content-style":"default","site-sidebar-style":"default","ast-global-header-display":"","ast-banner-title-visibility":"","ast-main-header-display":"","ast-hfb-above-header-display":"","ast-hfb-below-header-display":"","ast-hfb-mobile-header-display":"","site-post-title":"","ast-breadcrumbs-content":"","ast-featured-img":"","footer-sml-layout":"","ast-disable-related-posts":"","theme-transparent-header-meta":"default","adv-header-id-meta":"","stick-header-meta":"","header-above-stick-meta":"","header-main-stick-meta":"","header-below-stick-meta":"","astra-migrate-meta-layouts":"set","ast-page-background-enabled":"default","ast-page-background-meta":{"desktop":{"background-color":"","background-image":"","background-repeat":"repeat","background-position":"center center","background-size":"auto","background-attachment":"scroll","background-type":"","background-media":"","overlay-type":"","overlay-color":"","overlay-opacity":"","overlay-gradient":""},"tablet":{"background-color":"","background-image":"","background-repeat":"repeat","background-position":"center center","background-size":"auto","background-attachment":"scroll","background-type":"","background-media":"","overlay-type":"","overlay-color":"","overlay-opacity":"","overlay-gradient":""},"mobile":{"background-color":"","background-image":"","background-repeat":"repeat","background-position":"center center","background-size":"auto","background-attachment":"scroll","background-type":"","background-media":"","overlay-type":"","overlay-color":"","overlay-opacity":"","overlay-gradient":""}},"ast-content-background-meta":{"desktop":{"background-color":"var(--ast-global-color-5)","background-image":"","background-repeat":"repeat","background-position":"center center","background-size":"auto","background-attachment":"scroll","background-type":"","background-media":"","overlay-type":"","overlay-color":"","overlay-opacity":"","overlay-gradient":""},"tablet":{"background-color":"var(--ast-global-color-5)","background-image":"","background-repeat":"repeat","background-position":"center center","background-size":"auto","background-attachment":"scroll","background-type":"","background-media":"","overlay-type":"","overlay-color":"","overlay-opacity":"","overlay-gradient":""},"mobile":{"background-color":"var(--ast-global-color-5)","background-image":"","background-repeat":"repeat","background-position":"center center","background-size":"auto","background-attachment":"scroll","background-type":"","background-media":"","overlay-type":"","overlay-color":"","overlay-opacity":"","overlay-gradient":""}}},"product_brand":[],"product_cat":[26],"product_tag":[42,45,44,43,41],"class_list":{"0":"post-648","1":"product","2":"type-product","3":"status-publish","4":"has-post-thumbnail","6":"product_cat-servicios-it","7":"product_tag-helpdesk","8":"product_tag-reparacion-de-pc","9":"product_tag-revision","10":"product_tag-revision-y-diagnostico","11":"product_tag-soporte-tecnico","12":"desktop-align-left","13":"tablet-align-left","14":"mobile-align-left","15":"ast-product-gallery-layout-horizontal-slider","16":"ast-product-gallery-with-no-image","17":"ast-product-tabs-layout-horizontal","19":"first","20":"instock","21":"sale","22":"featured","23":"virtual","24":"purchasable","25":"product-type-simple"},"_links":{"self":[{"href":"https:\/\/tienda.techdinecom.net\/index.php?rest_route=\/wp\/v2\/product\/648","targetHints":{"allow":["GET"]}}],"collection":[{"href":"https:\/\/tienda.techdinecom.net\/index.php?rest_route=\/wp\/v2\/product"}],"about":[{"href":"https:\/\/tienda.techdinecom.net\/index.php?rest_route=\/wp\/v2\/types\/product"}],"replies":[{"embeddable":true,"href":"https:\/\/tienda.techdinecom.net\/index.php?rest_route=%2Fwp%2Fv2%2Fcomments&post=648"}],"wp:featuredmedia":[{"embeddable":true,"href":"https:\/\/tienda.techdinecom.net\/index.php?rest_route=\/wp\/v2\/media\/1073"}],"wp:attachment":[{"href":"https:\/\/tienda.techdinecom.net\/index.php?rest_route=%2Fwp%2Fv2%2Fmedia&parent=648"}],"wp:term":[{"taxonomy":"product_brand","embeddable":true,"href":"https:\/\/tienda.techdinecom.net\/index.php?rest_route=%2Fwp%2Fv2%2Fproduct_brand&post=648"},{"taxonomy":"product_cat","embeddable":true,"href":"https:\/\/tienda.techdinecom.net\/index.php?rest_route=%2Fwp%2Fv2%2Fproduct_cat&post=648"},{"taxonomy":"product_tag","embeddable":true,"href":"https:\/\/tienda.techdinecom.net\/index.php?rest_route=%2Fwp%2Fv2%2Fproduct_tag&post=648"}],"curies":[{"name":"wp","href":"https:\/\/api.w.org\/{rel}","templated":true}]}}