{"id":269,"date":"2020-07-15T23:08:35","date_gmt":"2020-07-16T02:08:35","guid":{"rendered":"https:\/\/tienda.techdinecom.net\/?post_type=product&#038;p=269"},"modified":"2025-09-14T23:41:58","modified_gmt":"2025-09-15T02:41:58","slug":"pack-web-tienda-virtual","status":"publish","type":"product","link":"https:\/\/tienda.techdinecom.net\/?product=pack-web-tienda-virtual","title":{"rendered":"Pack Web + Tienda Virtual"},"content":{"rendered":"<p>El Paquete de <strong>Dise\u00f1o de Web Informativa + Tienda Virtual<\/strong><\/p>\n<p><strong>\u00bfC\u00f3mo se abona este paquete de servicios?, usted deber\u00e1 pagar un<\/strong>:<\/p>\n<p><strong>MONTO INICIAL (30% del costo final del Contrato): <\/strong>Este es el <strong>valor reflejado en esta publicaci\u00f3n<\/strong>, y esta destinado a la activaci\u00f3n de su servicio de configuraciones iniciales de su sitio web, hosting, dominio y certificado SSL. Este monto puede ser pagado en cuotas con tarjeta de cr\u00e9dito.<br \/>\n<strong>MONTO RESTANTE (70% del costo final del Contrato)<\/strong>: Son un total de <strong>en 12 cuotas<\/strong><strong>,<\/strong> el monto a pagar mensualmente suma en total el <strong>70% del valor final del proyecto;<\/strong> el detalle y cronograma de pagos estar\u00e1 reflejado en el contrato de servicio, y corresponde a los honorarios profesionales incluidos en el paquete<strong>. Se comienza a abonar al mes siguiente de la firma de contrato.<\/strong><\/p>\n<p>Todas nuestras p\u00e1ginas web son din\u00e1micas y autoadministrables. Este paquete incluye:<\/p>\n<ul>\n<li>Tema propio estandarizado y desarrollado para nuestros clientes.<\/li>\n<li>Dise\u00f1o de P\u00e1gina Web Informativa y Tienda Woocommerce integrada (<strong>la pagina hasta 8 Pesta\u00f1as o solapas en total<\/strong>).<\/li>\n<li>Adaptado a Smartphone y Tablets (modelo responsivo).<\/li>\n<li>Dise\u00f1o Preestablecido (ya contamos con un dise\u00f1o base sobre el cual se desarrolla su portal agilizando tiempos).<\/li>\n<li>1 formulario de Contacto.<\/li>\n<li>1 galer\u00eda de Fotos o Portafolio.<\/li>\n<li>1 secci\u00f3n de videos para colocar ofertas.<\/li>\n<li>Cat\u00e1logo de Productos y Carrito de Compras.<\/li>\n<li>La Tienda Virtual estar\u00e1 vinculada a la pasarela de pago <strong>Mercadopago, UALA, Paypal y Criptomonedas (a su propias cuentas si no tiene se crean en el proceso desarrollo y se configuran) <\/strong>para recibir los cobros electr\u00f3nicos.<\/li>\n<li>Creaci\u00f3n y configuraci\u00f3n de hasta 15 correos institucionales con su dominio y con firma institucional (su identidad de marca).<\/li>\n<li>Posibilidad de integrar sistema de Membres\u00edas vinculado a Woocommerce y Elementor Pro (Estos plug-in son <strong><span style=\"color: #0000ff;\">DE PAGO<\/span><\/strong> su adici\u00f3n al proyecto se cotiza por separado a petici\u00f3n de los clientes seg\u00fan sus necesidades).<\/li>\n<li>Optimizaci\u00f3n de <strong>SEO<\/strong> para principales motores de b\u00fasqueda, Mapa de Google, integraci\u00f3n con Google Negocios.<\/li>\n<li>Configuraci\u00f3n de Back-Office y plugins para Administrar la p\u00e1gina.<\/li>\n<li><strong class=\"text-danger\">Incluye Hosting + Dominio (.com , .net , .org) + Certificado SSL para el dominio y subdominios por el periodo de <span style=\"color: #0000ff;\">1 a\u00f1o de vigencia<\/span>.<\/strong><\/li>\n<li><strong class=\"text-info\">El tema que desarrollamos es Personalizable.<\/strong><\/li>\n<\/ul>\n<p class=\"whitespace-normal break-words\">Todos nuestros productos y servicios tienen precios establecidos en <strong>d\u00f3lares estadounidenses (USD)<\/strong> y se encuentran siempre actualizados en nuestra tienda virtual.<\/p>\n<p class=\"whitespace-normal break-words\"><strong>MODALIDADES DE PAGO<\/strong>: Dependiendo del producto o servicio seleccionado, podr\u00e1s elegir entre pago \u00fanico o pagos fraccionados seg\u00fan las opciones disponibles. En caso de servicios con pagos mensuales, se comienza a abonar al mes siguiente de la confirmaci\u00f3n del pedido.<\/p>\n<p class=\"whitespace-normal break-words\"><strong>FORMAS DE PAGO:<\/strong><\/p>\n<ul class=\"[&amp;:not(:last-child)_ul]:pb-1 [&amp;:not(:last-child)_ol]:pb-1 list-disc space-y-1.5 pl-7\">\n<li class=\"whitespace-normal break-words\"><strong>Para Argentina<\/strong>: Puedes realizar tu compra directamente en nuestra tienda virtual. Si abonas en <strong>pesos argentinos<\/strong>, nuestra plataforma convertir\u00e1 autom\u00e1ticamente el monto a la tasa del d\u00eda a trav\u00e9s de la <strong>pasarela de pagos Mercado Pago<\/strong>. Aceptamos tarjetas de cr\u00e9dito, d\u00e9bito y transferencia bancaria.<\/li>\n<li class=\"whitespace-normal break-words\"><strong>Para el extranjero<\/strong>: Los pagos se realizar\u00e1n a trav\u00e9s de <strong>PayPal<\/strong> o <strong>Transferencia Bancaria<\/strong>.<\/li>\n<\/ul>\n<p class=\"whitespace-normal break-words\"><strong>Para servicios con pagos recurrentes, recibir\u00e1s recordatorios con los datos necesarios para efectivizar cada pago<\/strong>. Los pagos por productos digitales son independientes de cualquier costo adicional por servicios de hosting y dominio que puedas requerir.<\/p>\n","protected":false},"excerpt":{"rendered":"<p>El Paquete de <strong>Dise\u00f1o de Web Informativa + Tienda Virtual <\/strong><\/p>\n<p><strong>\u00bfC\u00f3mo se abona este paquete de servicios?, usted deber\u00e1 pagar un<\/strong>:<\/p>\n<p><strong>MONTO INICIAL (30% del costo final del Contrato): <\/strong>Este es el <strong>valor reflejado en esta publicaci\u00f3n<\/strong>, y esta destinado a la activaci\u00f3n de su servicio de configuraciones iniciales de su sitio web, hosting, dominio y certificado SSL. Este monto puede ser pagado en cuotas con tarjeta de cr\u00e9dito.<br \/>\n<strong>MONTO RESTANTE (70% del costo final del Contrato)<\/strong>: Son un total de <strong>en 12 cuotas<\/strong><strong>,<\/strong> el monto a pagar mensualmente suma en total el <strong>70% del valor final del proyecto;<\/strong> el Detalle y Cronograma de pagos estar\u00e1 reflejado en el contrato de servicio, y corresponde a los honorarios profesionales incluidos en el paquete<strong>. Se comienza a abonar al mes siguiente de la firma de contrato.<\/strong><\/p>\n<p class=\"whitespace-normal break-words\">\n<p class=\"whitespace-normal break-words\">Todos nuestros productos y servicios tienen precios establecidos en <strong>d\u00f3lares estadounidenses (USD)<\/strong> y se encuentran siempre actualizados en nuestra tienda virtual.<\/p>\n<p class=\"whitespace-normal break-words\"><strong>MODALIDADES DE PAGO<\/strong>: Dependiendo del producto o servicio seleccionado, podr\u00e1s elegir entre pago \u00fanico o pagos fraccionados seg\u00fan las opciones disponibles. En caso de servicios con pagos mensuales, se comienza a abonar al mes siguiente de la confirmaci\u00f3n del pedido.<\/p>\n<p class=\"whitespace-normal break-words\"><strong>FORMAS DE PAGO:<\/strong><\/p>\n<ul class=\"[&amp;:not(:last-child)_ul]:pb-1 [&amp;:not(:last-child)_ol]:pb-1 list-disc space-y-1.5 pl-7\">\n<li class=\"whitespace-normal break-words\"><strong>Para Argentina<\/strong>: Puedes realizar tu compra directamente en nuestra tienda virtual. Si abonas en <strong>pesos argentinos<\/strong>, nuestra plataforma convertir\u00e1 autom\u00e1ticamente el monto a la tasa del d\u00eda a trav\u00e9s de la <strong>pasarela de pagos Mercado Pago<\/strong>. Aceptamos tarjetas de cr\u00e9dito, d\u00e9bito y transferencia bancaria.<\/li>\n<li class=\"whitespace-normal break-words\"><strong>Para el extranjero<\/strong>: Los pagos se realizar\u00e1n a trav\u00e9s de <strong>PayPal<\/strong> o <strong>Transferencia Bancaria<\/strong>.<\/li>\n<\/ul>\n<p class=\"whitespace-normal break-words\"><strong>Para servicios con pagos recurrentes, recibir\u00e1s recordatorios con los datos necesarios para efectivizar cada pago<\/strong>. Los pagos por productos digitales son independientes de cualquier costo adicional por servicios de hosting y dominio que puedas requerir.<\/p>\n","protected":false},"featured_media":1067,"comment_status":"closed","ping_status":"closed","template":"","meta":{"site-sidebar-layout":"default","site-content-layout":"default","ast-site-content-layout":"default","site-content-style":"default","site-sidebar-style":"default","ast-global-header-display":"","ast-banner-title-visibility":"","ast-main-header-display":"","ast-hfb-above-header-display":"","ast-hfb-below-header-display":"","ast-hfb-mobile-header-display":"","site-post-title":"","ast-breadcrumbs-content":"","ast-featured-img":"","footer-sml-layout":"","ast-disable-related-posts":"","theme-transparent-header-meta":"default","adv-header-id-meta":"","stick-header-meta":"","header-above-stick-meta":"","header-main-stick-meta":"","header-below-stick-meta":"","astra-migrate-meta-layouts":"set","ast-page-background-enabled":"default","ast-page-background-meta":{"desktop":{"background-color":"","background-image":"","background-repeat":"repeat","background-position":"center center","background-size":"auto","background-attachment":"scroll","background-type":"","background-media":"","overlay-type":"","overlay-color":"","overlay-opacity":"","overlay-gradient":""},"tablet":{"background-color":"","background-image":"","background-repeat":"repeat","background-position":"center center","background-size":"auto","background-attachment":"scroll","background-type":"","background-media":"","overlay-type":"","overlay-color":"","overlay-opacity":"","overlay-gradient":""},"mobile":{"background-color":"","background-image":"","background-repeat":"repeat","background-position":"center center","background-size":"auto","background-attachment":"scroll","background-type":"","background-media":"","overlay-type":"","overlay-color":"","overlay-opacity":"","overlay-gradient":""}},"ast-content-background-meta":{"desktop":{"background-color":"var(--ast-global-color-5)","background-image":"","background-repeat":"repeat","background-position":"center center","background-size":"auto","background-attachment":"scroll","background-type":"","background-media":"","overlay-type":"","overlay-color":"","overlay-opacity":"","overlay-gradient":""},"tablet":{"background-color":"var(--ast-global-color-5)","background-image":"","background-repeat":"repeat","background-position":"center center","background-size":"auto","background-attachment":"scroll","background-type":"","background-media":"","overlay-type":"","overlay-color":"","overlay-opacity":"","overlay-gradient":""},"mobile":{"background-color":"var(--ast-global-color-5)","background-image":"","background-repeat":"repeat","background-position":"center center","background-size":"auto","background-attachment":"scroll","background-type":"","background-media":"","overlay-type":"","overlay-color":"","overlay-opacity":"","overlay-gradient":""}}},"product_brand":[],"product_cat":[30],"product_tag":[76,33,75,73,46,47,74,34,48],"class_list":{"0":"post-269","1":"product","2":"type-product","3":"status-publish","4":"has-post-thumbnail","6":"product_cat-websites-nube","7":"product_tag-desarrollo","8":"product_tag-desarrollo-web","9":"product_tag-diseno","10":"product_tag-pack","11":"product_tag-pagina","12":"product_tag-pagina-web","13":"product_tag-paquete-web","14":"product_tag-programacion","15":"product_tag-website","16":"desktop-align-left","17":"tablet-align-left","18":"mobile-align-left","19":"ast-product-gallery-layout-horizontal-slider","20":"ast-product-gallery-with-no-image","21":"ast-product-tabs-layout-horizontal","23":"first","24":"instock","25":"virtual","26":"purchasable","27":"product-type-simple"},"_links":{"self":[{"href":"https:\/\/tienda.techdinecom.net\/index.php?rest_route=\/wp\/v2\/product\/269","targetHints":{"allow":["GET"]}}],"collection":[{"href":"https:\/\/tienda.techdinecom.net\/index.php?rest_route=\/wp\/v2\/product"}],"about":[{"href":"https:\/\/tienda.techdinecom.net\/index.php?rest_route=\/wp\/v2\/types\/product"}],"replies":[{"embeddable":true,"href":"https:\/\/tienda.techdinecom.net\/index.php?rest_route=%2Fwp%2Fv2%2Fcomments&post=269"}],"wp:featuredmedia":[{"embeddable":true,"href":"https:\/\/tienda.techdinecom.net\/index.php?rest_route=\/wp\/v2\/media\/1067"}],"wp:attachment":[{"href":"https:\/\/tienda.techdinecom.net\/index.php?rest_route=%2Fwp%2Fv2%2Fmedia&parent=269"}],"wp:term":[{"taxonomy":"product_brand","embeddable":true,"href":"https:\/\/tienda.techdinecom.net\/index.php?rest_route=%2Fwp%2Fv2%2Fproduct_brand&post=269"},{"taxonomy":"product_cat","embeddable":true,"href":"https:\/\/tienda.techdinecom.net\/index.php?rest_route=%2Fwp%2Fv2%2Fproduct_cat&post=269"},{"taxonomy":"product_tag","embeddable":true,"href":"https:\/\/tienda.techdinecom.net\/index.php?rest_route=%2Fwp%2Fv2%2Fproduct_tag&post=269"}],"curies":[{"name":"wp","href":"https:\/\/api.w.org\/{rel}","templated":true}]}}