{"id":250,"date":"2020-07-14T17:05:35","date_gmt":"2020-07-14T20:05:35","guid":{"rendered":"https:\/\/tienda.techdinecom.net\/?post_type=product&#038;p=250"},"modified":"2025-09-14T23:41:59","modified_gmt":"2025-09-15T02:41:59","slug":"instalar-de-os-servidor","status":"publish","type":"product","link":"https:\/\/tienda.techdinecom.net\/?product=instalar-de-os-servidor","title":{"rendered":"Instalaci\u00f3n y configuraci\u00f3n de Sistema Operativo Servidor"},"content":{"rendered":"<p style=\"text-align: justify !important;\">Le proporcionamos un servicio de <strong>instalaci\u00f3n y configuraci\u00f3n de servidores<\/strong> de archivos, de bases de datos, servicios web, correo electr\u00f3nico etc. Trabajamos con Windows Server (2012r2, 2016). Nuestros servicios incluyen la instalaci\u00f3n del sistema con licencia original, configuraci\u00f3n del mismo (bien sea desde cero o agregarlo a un bosque de servidores existente). Tambi\u00e9n contamos con el servicio de <strong>gesti\u00f3n y monitoreo remoto de los servidores<\/strong>\u00a0instalados para detectar posibles fallos antes de que sucedan. Contamos con el servicio de mantenimiento\u00a0 y copias de seguridad.<\/p>\n<p style=\"text-align: justify !important;\">Al instalar podemos configurar cualquiera de los siguientes roles para el servidor:<\/p>\n<ul>\n<li>Servidor Web (Empleamos Apache)<\/li>\n<li>Bases de Datos (MS SQL, MySQL, PostgreSQL)<\/li>\n<li>Servidor Controlador de dominio<\/li>\n<li>VPN<\/li>\n<li>Proxy (para el filtrado de los datos que salen desde su red o establecer restricciones a sus usuarios)<\/li>\n<li>Active Directory (dejamos configurado todo su active directory).<\/li>\n<\/ul>\n<h4>El precio publicado es el <strong>precio BASE<\/strong> dependiendo de las necesidades especificas y peticiones de cada cliente este monto pudiera variar, en caso de ser as\u00ed se emite una <strong>Factura<\/strong> expresando el monto de diferencia que debe ser abonada al terminar el servicio.<\/h4>\n<p>&nbsp;<\/p>\n<p class=\"whitespace-normal break-words\">Todos nuestros productos y servicios tienen precios establecidos en <strong>d\u00f3lares estadounidenses (USD)<\/strong> y se encuentran siempre actualizados en nuestra tienda virtual.<\/p>\n<p class=\"whitespace-normal break-words\"><strong>MODALIDADES DE PAGO<\/strong>: Dependiendo del producto o servicio seleccionado, podr\u00e1s elegir entre pago \u00fanico o pagos fraccionados seg\u00fan las opciones disponibles. En caso de servicios con pagos mensuales, se comienza a abonar al mes siguiente de la confirmaci\u00f3n del pedido.<\/p>\n<p class=\"whitespace-normal break-words\"><strong>FORMAS DE PAGO:<\/strong><\/p>\n<ul class=\"[&amp;:not(:last-child)_ul]:pb-1 [&amp;:not(:last-child)_ol]:pb-1 list-disc space-y-1.5 pl-7\">\n<li class=\"whitespace-normal break-words\"><strong>Para Argentina<\/strong>: Puedes realizar tu compra directamente en nuestra tienda virtual. Si abonas en <strong>pesos argentinos<\/strong>, nuestra plataforma convertir\u00e1 autom\u00e1ticamente el monto a la tasa del d\u00eda a trav\u00e9s de la <strong>pasarela de pagos Mercado Pago<\/strong>. Aceptamos tarjetas de cr\u00e9dito, d\u00e9bito y transferencia bancaria.<\/li>\n<li class=\"whitespace-normal break-words\"><strong>Para el extranjero<\/strong>: Los pagos se realizar\u00e1n a trav\u00e9s de <strong>PayPal<\/strong> o <strong>Transferencia Bancaria<\/strong>.<\/li>\n<\/ul>\n<p class=\"whitespace-normal break-words\"><strong>Para servicios con pagos recurrentes, recibir\u00e1s recordatorios con los datos necesarios para efectivizar cada pago<\/strong>. Los pagos por productos digitales son independientes de cualquier costo adicional por servicios de hosting y dominio que puedas requerir.<\/p>\n","protected":false},"excerpt":{"rendered":"<p class=\"whitespace-normal break-words\">Todos nuestros productos y servicios tienen precios establecidos en <strong>d\u00f3lares estadounidenses (USD)<\/strong> y se encuentran siempre actualizados en nuestra tienda virtual.<\/p>\n<p class=\"whitespace-normal break-words\"><strong>MODALIDADES DE PAGO<\/strong>: Dependiendo del producto o servicio seleccionado, podr\u00e1s elegir entre pago \u00fanico o pagos fraccionados seg\u00fan las opciones disponibles. En caso de servicios con pagos mensuales, se comienza a abonar al mes siguiente de la confirmaci\u00f3n del pedido.<\/p>\n<p class=\"whitespace-normal break-words\"><strong>FORMAS DE PAGO:<\/strong><\/p>\n<ul class=\"[&amp;:not(:last-child)_ul]:pb-1 [&amp;:not(:last-child)_ol]:pb-1 list-disc space-y-1.5 pl-7\">\n<li class=\"whitespace-normal break-words\"><strong>Para Argentina<\/strong>: Puedes realizar tu compra directamente en nuestra tienda virtual. Si abonas en <strong>pesos argentinos<\/strong>, nuestra plataforma convertir\u00e1 autom\u00e1ticamente el monto a la tasa del d\u00eda a trav\u00e9s de la <strong>pasarela de pagos Mercado Pago<\/strong>. Aceptamos tarjetas de cr\u00e9dito, d\u00e9bito y transferencia bancaria.<\/li>\n<li class=\"whitespace-normal break-words\"><strong>Para el extranjero<\/strong>: Los pagos se realizar\u00e1n a trav\u00e9s de <strong>PayPal<\/strong> o <strong>Transferencia Bancaria<\/strong>.<\/li>\n<\/ul>\n<p class=\"whitespace-normal break-words\"><strong>Para servicios con pagos recurrentes, recibir\u00e1s recordatorios con los datos necesarios para efectivizar cada pago<\/strong>. Los pagos por productos digitales son independientes de cualquier costo adicional por servicios de hosting y dominio que puedas requerir.<\/p>\n","protected":false},"featured_media":251,"comment_status":"closed","ping_status":"closed","template":"","meta":{"site-sidebar-layout":"default","site-content-layout":"default","ast-site-content-layout":"default","site-content-style":"default","site-sidebar-style":"default","ast-global-header-display":"","ast-banner-title-visibility":"","ast-main-header-display":"","ast-hfb-above-header-display":"","ast-hfb-below-header-display":"","ast-hfb-mobile-header-display":"","site-post-title":"","ast-breadcrumbs-content":"","ast-featured-img":"","footer-sml-layout":"","ast-disable-related-posts":"","theme-transparent-header-meta":"default","adv-header-id-meta":"","stick-header-meta":"","header-above-stick-meta":"","header-main-stick-meta":"","header-below-stick-meta":"","astra-migrate-meta-layouts":"set","ast-page-background-enabled":"default","ast-page-background-meta":{"desktop":{"background-color":"","background-image":"","background-repeat":"repeat","background-position":"center center","background-size":"auto","background-attachment":"scroll","background-type":"","background-media":"","overlay-type":"","overlay-color":"","overlay-opacity":"","overlay-gradient":""},"tablet":{"background-color":"","background-image":"","background-repeat":"repeat","background-position":"center center","background-size":"auto","background-attachment":"scroll","background-type":"","background-media":"","overlay-type":"","overlay-color":"","overlay-opacity":"","overlay-gradient":""},"mobile":{"background-color":"","background-image":"","background-repeat":"repeat","background-position":"center center","background-size":"auto","background-attachment":"scroll","background-type":"","background-media":"","overlay-type":"","overlay-color":"","overlay-opacity":"","overlay-gradient":""}},"ast-content-background-meta":{"desktop":{"background-color":"var(--ast-global-color-5)","background-image":"","background-repeat":"repeat","background-position":"center center","background-size":"auto","background-attachment":"scroll","background-type":"","background-media":"","overlay-type":"","overlay-color":"","overlay-opacity":"","overlay-gradient":""},"tablet":{"background-color":"var(--ast-global-color-5)","background-image":"","background-repeat":"repeat","background-position":"center center","background-size":"auto","background-attachment":"scroll","background-type":"","background-media":"","overlay-type":"","overlay-color":"","overlay-opacity":"","overlay-gradient":""},"mobile":{"background-color":"var(--ast-global-color-5)","background-image":"","background-repeat":"repeat","background-position":"center center","background-size":"auto","background-attachment":"scroll","background-type":"","background-media":"","overlay-type":"","overlay-color":"","overlay-opacity":"","overlay-gradient":""}}},"product_brand":[],"product_cat":[26],"product_tag":[68,69,54,66,53,72,67,70,116],"class_list":{"0":"post-250","1":"product","2":"type-product","3":"status-publish","4":"has-post-thumbnail","6":"product_cat-servicios-it","7":"product_tag-dhcp","8":"product_tag-dns","9":"product_tag-instalacion","10":"product_tag-instalar","11":"product_tag-it","12":"product_tag-servicio-empresarial","13":"product_tag-servidor","14":"product_tag-servidor-de-dominio","15":"product_tag-windows-server-pedir-cotizacion-personalizada-segun-sus-necesidades-el-precio-publicado-es-por-un-controlador-de-dominio-estandar","16":"desktop-align-left","17":"tablet-align-left","18":"mobile-align-left","19":"ast-product-gallery-layout-horizontal-slider","20":"ast-product-gallery-with-no-image","21":"ast-product-tabs-layout-horizontal","23":"first","24":"instock","25":"virtual","26":"purchasable","27":"product-type-simple"},"_links":{"self":[{"href":"https:\/\/tienda.techdinecom.net\/index.php?rest_route=\/wp\/v2\/product\/250","targetHints":{"allow":["GET"]}}],"collection":[{"href":"https:\/\/tienda.techdinecom.net\/index.php?rest_route=\/wp\/v2\/product"}],"about":[{"href":"https:\/\/tienda.techdinecom.net\/index.php?rest_route=\/wp\/v2\/types\/product"}],"replies":[{"embeddable":true,"href":"https:\/\/tienda.techdinecom.net\/index.php?rest_route=%2Fwp%2Fv2%2Fcomments&post=250"}],"wp:featuredmedia":[{"embeddable":true,"href":"https:\/\/tienda.techdinecom.net\/index.php?rest_route=\/wp\/v2\/media\/251"}],"wp:attachment":[{"href":"https:\/\/tienda.techdinecom.net\/index.php?rest_route=%2Fwp%2Fv2%2Fmedia&parent=250"}],"wp:term":[{"taxonomy":"product_brand","embeddable":true,"href":"https:\/\/tienda.techdinecom.net\/index.php?rest_route=%2Fwp%2Fv2%2Fproduct_brand&post=250"},{"taxonomy":"product_cat","embeddable":true,"href":"https:\/\/tienda.techdinecom.net\/index.php?rest_route=%2Fwp%2Fv2%2Fproduct_cat&post=250"},{"taxonomy":"product_tag","embeddable":true,"href":"https:\/\/tienda.techdinecom.net\/index.php?rest_route=%2Fwp%2Fv2%2Fproduct_tag&post=250"}],"curies":[{"name":"wp","href":"https:\/\/api.w.org\/{rel}","templated":true}]}}