{"id":246,"date":"2020-07-14T16:09:15","date_gmt":"2020-07-14T19:09:15","guid":{"rendered":"https:\/\/tienda.techdinecom.net\/?post_type=product&#038;p=246"},"modified":"2025-09-14T23:42:02","modified_gmt":"2025-09-15T02:42:02","slug":"instalacion-de-puntos-de-red","status":"publish","type":"product","link":"https:\/\/tienda.techdinecom.net\/?product=instalacion-de-puntos-de-red","title":{"rendered":"Instalaci\u00f3n de Puntos de Red"},"content":{"rendered":"<p>Montaje de redes a Hogares o Peque\u00f1os comerciantes que deseen instalar una red pagando un precio en oferta y accesible. Tenemos precios muy atractivos y ofrecemos garant\u00eda escrita por nuestros servicios.<\/p>\n<h2 style=\"text-align: center;\"><strong><span style=\"color: #ff0000;\">El precio publicado es por cada PUNTO DE RED, hacemos 20% Off, a partir de 7 puntos (Cont\u00e1ctenos primero para que le enviemos su CUP\u00d3N DE DESCUENTO)<\/span><br \/>\n<\/strong><\/h2>\n<p>&nbsp;<\/p>\n<p class=\"whitespace-normal break-words\">Todos nuestros productos y servicios tienen precios establecidos en <strong>d\u00f3lares estadounidenses (USD)<\/strong> y se encuentran siempre actualizados en nuestra tienda virtual.<\/p>\n<p class=\"whitespace-normal break-words\"><strong>MODALIDADES DE PAGO<\/strong>: Dependiendo del producto o servicio seleccionado, podr\u00e1s elegir entre pago \u00fanico o pagos fraccionados seg\u00fan las opciones disponibles. En caso de servicios con pagos mensuales, se comienza a abonar al mes siguiente de la confirmaci\u00f3n del pedido.<\/p>\n<p class=\"whitespace-normal break-words\"><strong>FORMAS DE PAGO:<\/strong><\/p>\n<ul class=\"[&amp;:not(:last-child)_ul]:pb-1 [&amp;:not(:last-child)_ol]:pb-1 list-disc space-y-1.5 pl-7\">\n<li class=\"whitespace-normal break-words\"><strong>Para Argentina<\/strong>: Puedes realizar tu compra directamente en nuestra tienda virtual. Si abonas en <strong>pesos argentinos<\/strong>, nuestra plataforma convertir\u00e1 autom\u00e1ticamente el monto a la tasa del d\u00eda a trav\u00e9s de la <strong>pasarela de pagos Mercado Pago<\/strong>. Aceptamos tarjetas de cr\u00e9dito, d\u00e9bito y transferencia bancaria.<\/li>\n<li class=\"whitespace-normal break-words\"><strong>Para el extranjero<\/strong>: Los pagos se realizar\u00e1n a trav\u00e9s de <strong>PayPal<\/strong> o <strong>Transferencia Bancaria<\/strong>.<\/li>\n<\/ul>\n<p class=\"whitespace-normal break-words\"><strong>Para servicios con pagos recurrentes, recibir\u00e1s recordatorios con los datos necesarios para efectivizar cada pago<\/strong>. Los pagos por productos digitales son independientes de cualquier costo adicional por servicios de hosting y dominio que puedas requerir.<\/p>\n","protected":false},"excerpt":{"rendered":"<p>Montaje de redes a Hogares o Peque\u00f1os comerciantes que deseen instalar una red pagando un precio en oferta y accesible. Tenemos precios muy atractivos y ofrecemos garant\u00eda escrita por nuestros servicios.<\/p>\n<h4 style=\"text-align: center;\"><strong><span style=\"color: #ff0000;\">El precio publicado es por cada PUNTO DE RED, hacemos 20% Off, a partir de 7 puntos (Cont\u00e1ctenos primero para que le enviemos su CUP\u00d3N DE DESCUENTO)<\/span><\/strong><\/h4>\n<p>&nbsp;<\/p>\n<p class=\"whitespace-normal break-words\">Todos nuestros productos y servicios tienen precios establecidos en <strong>d\u00f3lares estadounidenses (USD)<\/strong> y se encuentran siempre actualizados en nuestra tienda virtual.<\/p>\n<p class=\"whitespace-normal break-words\"><strong>MODALIDADES DE PAGO<\/strong>: Dependiendo del producto o servicio seleccionado, podr\u00e1s elegir entre pago \u00fanico o pagos fraccionados seg\u00fan las opciones disponibles. En caso de servicios con pagos mensuales, se comienza a abonar al mes siguiente de la confirmaci\u00f3n del pedido.<\/p>\n<p class=\"whitespace-normal break-words\"><strong>FORMAS DE PAGO:<\/strong><\/p>\n<ul class=\"[&amp;:not(:last-child)_ul]:pb-1 [&amp;:not(:last-child)_ol]:pb-1 list-disc space-y-1.5 pl-7\">\n<li class=\"whitespace-normal break-words\"><strong>Para Argentina<\/strong>: Puedes realizar tu compra directamente en nuestra tienda virtual. Si abonas en <strong>pesos argentinos<\/strong>, nuestra plataforma convertir\u00e1 autom\u00e1ticamente el monto a la tasa del d\u00eda a trav\u00e9s de la <strong>pasarela de pagos Mercado Pago<\/strong>. Aceptamos tarjetas de cr\u00e9dito, d\u00e9bito y transferencia bancaria.<\/li>\n<li class=\"whitespace-normal break-words\"><strong>Para el extranjero<\/strong>: Los pagos se realizar\u00e1n a trav\u00e9s de <strong>PayPal<\/strong> o <strong>Transferencia Bancaria<\/strong>.<\/li>\n<\/ul>\n<p class=\"whitespace-normal break-words\"><strong>Para servicios con pagos recurrentes, recibir\u00e1s recordatorios con los datos necesarios para efectivizar cada pago<\/strong>. Los pagos por productos digitales son independientes de cualquier costo adicional por servicios de hosting y dominio que puedas requerir.<\/p>\n","protected":false},"featured_media":247,"comment_status":"closed","ping_status":"closed","template":"","meta":{"site-sidebar-layout":"default","site-content-layout":"default","ast-site-content-layout":"default","site-content-style":"default","site-sidebar-style":"default","ast-global-header-display":"","ast-banner-title-visibility":"","ast-main-header-display":"","ast-hfb-above-header-display":"","ast-hfb-below-header-display":"","ast-hfb-mobile-header-display":"","site-post-title":"","ast-breadcrumbs-content":"","ast-featured-img":"","footer-sml-layout":"","ast-disable-related-posts":"","theme-transparent-header-meta":"default","adv-header-id-meta":"","stick-header-meta":"","header-above-stick-meta":"","header-main-stick-meta":"","header-below-stick-meta":"","astra-migrate-meta-layouts":"set","ast-page-background-enabled":"default","ast-page-background-meta":{"desktop":{"background-color":"","background-image":"","background-repeat":"repeat","background-position":"center center","background-size":"auto","background-attachment":"scroll","background-type":"","background-media":"","overlay-type":"","overlay-color":"","overlay-opacity":"","overlay-gradient":""},"tablet":{"background-color":"","background-image":"","background-repeat":"repeat","background-position":"center center","background-size":"auto","background-attachment":"scroll","background-type":"","background-media":"","overlay-type":"","overlay-color":"","overlay-opacity":"","overlay-gradient":""},"mobile":{"background-color":"","background-image":"","background-repeat":"repeat","background-position":"center center","background-size":"auto","background-attachment":"scroll","background-type":"","background-media":"","overlay-type":"","overlay-color":"","overlay-opacity":"","overlay-gradient":""}},"ast-content-background-meta":{"desktop":{"background-color":"var(--ast-global-color-5)","background-image":"","background-repeat":"repeat","background-position":"center center","background-size":"auto","background-attachment":"scroll","background-type":"","background-media":"","overlay-type":"","overlay-color":"","overlay-opacity":"","overlay-gradient":""},"tablet":{"background-color":"var(--ast-global-color-5)","background-image":"","background-repeat":"repeat","background-position":"center center","background-size":"auto","background-attachment":"scroll","background-type":"","background-media":"","overlay-type":"","overlay-color":"","overlay-opacity":"","overlay-gradient":""},"mobile":{"background-color":"var(--ast-global-color-5)","background-image":"","background-repeat":"repeat","background-position":"center center","background-size":"auto","background-attachment":"scroll","background-type":"","background-media":"","overlay-type":"","overlay-color":"","overlay-opacity":"","overlay-gradient":""}}},"product_brand":[],"product_cat":[26],"product_tag":[54,53,51,52,50,49,41],"class_list":{"0":"post-246","1":"product","2":"type-product","3":"status-publish","4":"has-post-thumbnail","6":"product_cat-servicios-it","7":"product_tag-instalacion","8":"product_tag-it","9":"product_tag-networking","10":"product_tag-networks","11":"product_tag-red","12":"product_tag-redes","13":"product_tag-soporte-tecnico","14":"desktop-align-left","15":"tablet-align-left","16":"mobile-align-left","17":"ast-product-gallery-layout-horizontal-slider","18":"ast-product-gallery-with-no-image","19":"ast-product-tabs-layout-horizontal","21":"first","22":"instock","23":"virtual","24":"purchasable","25":"product-type-simple"},"_links":{"self":[{"href":"https:\/\/tienda.techdinecom.net\/index.php?rest_route=\/wp\/v2\/product\/246","targetHints":{"allow":["GET"]}}],"collection":[{"href":"https:\/\/tienda.techdinecom.net\/index.php?rest_route=\/wp\/v2\/product"}],"about":[{"href":"https:\/\/tienda.techdinecom.net\/index.php?rest_route=\/wp\/v2\/types\/product"}],"replies":[{"embeddable":true,"href":"https:\/\/tienda.techdinecom.net\/index.php?rest_route=%2Fwp%2Fv2%2Fcomments&post=246"}],"wp:featuredmedia":[{"embeddable":true,"href":"https:\/\/tienda.techdinecom.net\/index.php?rest_route=\/wp\/v2\/media\/247"}],"wp:attachment":[{"href":"https:\/\/tienda.techdinecom.net\/index.php?rest_route=%2Fwp%2Fv2%2Fmedia&parent=246"}],"wp:term":[{"taxonomy":"product_brand","embeddable":true,"href":"https:\/\/tienda.techdinecom.net\/index.php?rest_route=%2Fwp%2Fv2%2Fproduct_brand&post=246"},{"taxonomy":"product_cat","embeddable":true,"href":"https:\/\/tienda.techdinecom.net\/index.php?rest_route=%2Fwp%2Fv2%2Fproduct_cat&post=246"},{"taxonomy":"product_tag","embeddable":true,"href":"https:\/\/tienda.techdinecom.net\/index.php?rest_route=%2Fwp%2Fv2%2Fproduct_tag&post=246"}],"curies":[{"name":"wp","href":"https:\/\/api.w.org\/{rel}","templated":true}]}}