{"id":1166,"date":"2026-05-11T19:39:31","date_gmt":"2026-05-11T22:39:31","guid":{"rendered":"https:\/\/tienda.techdinecom.net\/?product=curso-de-maquetacion-html5-css3-y-bootstrap"},"modified":"2026-05-11T19:42:55","modified_gmt":"2026-05-11T22:42:55","slug":"curso-de-maquetacion-html5-css3-y-bootstrap","status":"publish","type":"product","link":"https:\/\/tienda.techdinecom.net\/?product=curso-de-maquetacion-html5-css3-y-bootstrap","title":{"rendered":"Curso de Maquetaci\u00f3n HTML5, CSS3 y Bootstrap"},"content":{"rendered":"<p class=\"text-justify\">El curso fija los lineamientos b\u00e1sicos para la construcci\u00f3n de un <b>Sitio Web<\/b>, real, s\u00f3lido y responsivo. En el curso se comenzar\u00e1 trabajando con elementos b\u00e1sicos de <b>HTML<\/b> para luego conocer el mundo de <b>CSS<\/b>, sus ventajas, aplicaciones<br \/>\n    b\u00e1sicas, y la uni\u00f3n de ambos para un crear la <b>p\u00e1gina,<\/b>\u00a0conocer\u00e1s FlexBox y c\u00f3mo utilizarlo; tambi\u00e9n se crear\u00e1n efectos vistosos para la p\u00e1gina todo en el \u00e1mbito de esquematizaci\u00f3n del FrontEnd.<\/p>\n<p class=\"text-justify\">Este curso est\u00e1 orientado a quienes busquen desarrollar una <strong>Carrera como Dise\u00f1adores o Programadores Web<\/strong>, y a todas aquellas personas que deseen insertarse en el <strong>Mundo de la programaci\u00f3n<\/strong> y la <strong>tecnolog\u00eda<\/strong>.<\/p>\n<p><center><a href=\"https:\/\/forms.gle\/7waBajNTrTNc5Tdy8\" class=\"btn btn-success text-white\" rel=\"nofollow noopener\" target=\"_blank\"><b>INSCRIBIRME<\/b><\/a><\/center><\/p>\n<p><small class=\"text-warning\"><strong>NOTA:<\/strong>\u00a0La inscripci\u00f3n a cursos gratuitos solo se realiza una\u00a0<strong>\u00fanica\u00a0<\/strong>vez, ya que el participante queda adherido al\u00a0<b>Programa de Formaci\u00f3n Tecnolog\u00eda Libre (PFTL)<\/b>\u00a0que le da acceso a todos los cursos gratis que ofrecemos actualmente y a los que posteriormente a\u00f1adiremos al campus virtual.<\/small><\/p>\n<p><\/p>\n","protected":false},"excerpt":{"rendered":"<p>El curso fija los lineamientos b\u00e1sicos para la construcci\u00f3n de un Sitio Web, real, s\u00f3lido y responsivo. En el curso se comenzar\u00e1 trabajando con elementos b\u00e1sicos de HTML para luego conocer el mundo de CSS, sus ventajas, aplicaciones b\u00e1sicas, y la uni\u00f3n de ambos para un crear la p\u00e1gina,\u00a0conocer\u00e1s FlexBox y c\u00f3mo utilizarlo; tambi\u00e9n se [&hellip;]<\/p>\n","protected":false},"featured_media":0,"comment_status":"open","ping_status":"closed","template":"","meta":{"site-sidebar-layout":"default","site-content-layout":"","ast-site-content-layout":"default","site-content-style":"default","site-sidebar-style":"default","ast-global-header-display":"","ast-banner-title-visibility":"","ast-main-header-display":"","ast-hfb-above-header-display":"","ast-hfb-below-header-display":"","ast-hfb-mobile-header-display":"","site-post-title":"","ast-breadcrumbs-content":"","ast-featured-img":"","footer-sml-layout":"","ast-disable-related-posts":"","theme-transparent-header-meta":"","adv-header-id-meta":"","stick-header-meta":"","header-above-stick-meta":"","header-main-stick-meta":"","header-below-stick-meta":"","astra-migrate-meta-layouts":"default","ast-page-background-enabled":"default","ast-page-background-meta":{"desktop":{"background-color":"","background-image":"","background-repeat":"repeat","background-position":"center center","background-size":"auto","background-attachment":"scroll","background-type":"","background-media":"","overlay-type":"","overlay-color":"","overlay-opacity":"","overlay-gradient":""},"tablet":{"background-color":"","background-image":"","background-repeat":"repeat","background-position":"center center","background-size":"auto","background-attachment":"scroll","background-type":"","background-media":"","overlay-type":"","overlay-color":"","overlay-opacity":"","overlay-gradient":""},"mobile":{"background-color":"","background-image":"","background-repeat":"repeat","background-position":"center center","background-size":"auto","background-attachment":"scroll","background-type":"","background-media":"","overlay-type":"","overlay-color":"","overlay-opacity":"","overlay-gradient":""}},"ast-content-background-meta":{"desktop":{"background-color":"var(--ast-global-color-5)","background-image":"","background-repeat":"repeat","background-position":"center center","background-size":"auto","background-attachment":"scroll","background-type":"","background-media":"","overlay-type":"","overlay-color":"","overlay-opacity":"","overlay-gradient":""},"tablet":{"background-color":"var(--ast-global-color-5)","background-image":"","background-repeat":"repeat","background-position":"center center","background-size":"auto","background-attachment":"scroll","background-type":"","background-media":"","overlay-type":"","overlay-color":"","overlay-opacity":"","overlay-gradient":""},"mobile":{"background-color":"var(--ast-global-color-5)","background-image":"","background-repeat":"repeat","background-position":"center center","background-size":"auto","background-attachment":"scroll","background-type":"","background-media":"","overlay-type":"","overlay-color":"","overlay-opacity":"","overlay-gradient":""}}},"product_brand":[],"product_cat":[16],"product_tag":[],"class_list":{"0":"post-1166","1":"product","2":"type-product","3":"status-publish","5":"product_cat-educacion-capacitacion","6":"desktop-align-left","7":"tablet-align-left","8":"mobile-align-left","9":"ast-product-gallery-layout-horizontal-slider","10":"ast-product-gallery-with-no-image","11":"ast-product-tabs-layout-horizontal","13":"first","14":"instock","15":"virtual","16":"purchasable","17":"product-type-simple"},"_links":{"self":[{"href":"https:\/\/tienda.techdinecom.net\/index.php?rest_route=\/wp\/v2\/product\/1166","targetHints":{"allow":["GET"]}}],"collection":[{"href":"https:\/\/tienda.techdinecom.net\/index.php?rest_route=\/wp\/v2\/product"}],"about":[{"href":"https:\/\/tienda.techdinecom.net\/index.php?rest_route=\/wp\/v2\/types\/product"}],"replies":[{"embeddable":true,"href":"https:\/\/tienda.techdinecom.net\/index.php?rest_route=%2Fwp%2Fv2%2Fcomments&post=1166"}],"wp:attachment":[{"href":"https:\/\/tienda.techdinecom.net\/index.php?rest_route=%2Fwp%2Fv2%2Fmedia&parent=1166"}],"wp:term":[{"taxonomy":"product_brand","embeddable":true,"href":"https:\/\/tienda.techdinecom.net\/index.php?rest_route=%2Fwp%2Fv2%2Fproduct_brand&post=1166"},{"taxonomy":"product_cat","embeddable":true,"href":"https:\/\/tienda.techdinecom.net\/index.php?rest_route=%2Fwp%2Fv2%2Fproduct_cat&post=1166"},{"taxonomy":"product_tag","embeddable":true,"href":"https:\/\/tienda.techdinecom.net\/index.php?rest_route=%2Fwp%2Fv2%2Fproduct_tag&post=1166"}],"curies":[{"name":"wp","href":"https:\/\/api.w.org\/{rel}","templated":true}]}}